{"id":36384,"date":"2025-10-21T07:43:38","date_gmt":"2025-10-21T05:43:38","guid":{"rendered":"https:\/\/idactives.es\/?page_id=36384"},"modified":"2025-11-18T08:15:44","modified_gmt":"2025-11-18T07:15:44","slug":"cookies","status":"publish","type":"page","link":"https:\/\/idactives.es\/en_en\/cookies\/","title":{"rendered":"Cookies"},"content":{"rendered":"<div data-elementor-type=\"wp-page\" data-elementor-id=\"36384\" class=\"elementor elementor-36384\">\n\t\t\t\t<div class=\"elementor-element elementor-element-2428b37 e-flex e-con-boxed cmsmasters-block-default e-con e-parent\" data-id=\"2428b37\" data-element_type=\"container\">\n\t\t\t\t\t<div class=\"e-con-inner\">\n\t\t\t\t<div class=\"elementor-element elementor-element-652a5e5 cmsmasters-block-default cmsmasters-sticky-default elementor-widget elementor-widget-text-editor\" data-id=\"652a5e5\" data-element_type=\"widget\" data-widget_type=\"text-editor.default\">\n\t\t\t\t\t\t\t\t\t<h2 class=\"wp-block-heading\">Cookies<\/h2><p>If you leave a comment on our site, you can choose to save your name, email address, and website in cookies. This is for your convenience, so you don't have to fill in your details again when you leave another comment. These cookies will last for one year.<\/p><p>If you have an account and log in to this site, we will set a temporary cookie to determine if your browser accepts cookies. This cookie contains no personal data and is deleted when you close your browser.<\/p><p>When you log in, we will also set up several cookies to save your login information and your screen display choices. Login cookies last for two days, and screen options cookies last for one year. If you select \u201cRemember Me,\u201d your login will persist for two weeks. If you log out of your account, the login cookies will be removed.<\/p><p>If you edit or publish an article, an additional cookie will be saved in your browser. This cookie does not include personal data and simply indicates the ID of the article you have just edited. It expires after 1 day.<\/p>\t\t\t\t\t\t\t\t<\/div>\n\t\t\t\t\t<\/div>\n\t\t\t\t<\/div>\n\t\t\t\t<\/div>","protected":false},"excerpt":{"rendered":"<p>Cookies Si dejas un comentario en nuestro sitio puedes elegir guardar tu nombre, direcci\u00f3n de correo electr\u00f3nico y web en cookies. Esto es para tu comodidad, para que no tengas que volver a rellenar tus datos cuando dejes otro comentario. Estas cookies tendr\u00e1n una duraci\u00f3n de un a\u00f1o. Si tienes una cuenta y te conectas&#8230;<\/p>","protected":false},"author":1,"featured_media":0,"parent":0,"menu_order":0,"comment_status":"closed","ping_status":"closed","template":"","meta":{"footnotes":""},"class_list":["post-36384","page","type-page","status-publish","hentry"],"yoast_head":"<!-- This site is optimized with the Yoast SEO plugin v26.8 - https:\/\/yoast.com\/product\/yoast-seo-wordpress\/ -->\n<title>Cookies - JManuelCarbajo<\/title>\n<meta name=\"robots\" content=\"index, follow, max-snippet:-1, max-image-preview:large, max-video-preview:-1\" \/>\n<link rel=\"canonical\" href=\"https:\/\/idactives.es\/en_en\/cookies\/\" \/>\n<meta property=\"og:locale\" content=\"en_US\" \/>\n<meta property=\"og:type\" content=\"article\" \/>\n<meta property=\"og:title\" content=\"Cookies - JManuelCarbajo\" \/>\n<meta property=\"og:description\" content=\"Cookies Si dejas un comentario en nuestro sitio puedes elegir guardar tu nombre, direcci\u00f3n de correo electr\u00f3nico y web en cookies. Esto es para tu comodidad, para que no tengas que volver a rellenar tus datos cuando dejes otro comentario. Estas cookies tendr\u00e1n una duraci\u00f3n de un a\u00f1o. Si tienes una cuenta y te conectas...\" \/>\n<meta property=\"og:url\" content=\"https:\/\/idactives.es\/en_en\/cookies\/\" \/>\n<meta property=\"og:site_name\" content=\"JManuelCarbajo\" \/>\n<meta property=\"article:modified_time\" content=\"2025-11-18T07:15:44+00:00\" \/>\n<meta name=\"twitter:card\" content=\"summary_large_image\" \/>\n<meta name=\"twitter:label1\" content=\"Est. reading time\" \/>\n\t<meta name=\"twitter:data1\" content=\"1 minute\" \/>\n<script type=\"application\/ld+json\" class=\"yoast-schema-graph\">{\"@context\":\"https:\/\/schema.org\",\"@graph\":[{\"@type\":\"WebPage\",\"@id\":\"https:\/\/idactives.es\/cookies\/\",\"url\":\"https:\/\/idactives.es\/cookies\/\",\"name\":\"Cookies - JManuelCarbajo\",\"isPartOf\":{\"@id\":\"https:\/\/idactives.es\/#website\"},\"datePublished\":\"2025-10-21T05:43:38+00:00\",\"dateModified\":\"2025-11-18T07:15:44+00:00\",\"breadcrumb\":{\"@id\":\"https:\/\/idactives.es\/cookies\/#breadcrumb\"},\"inLanguage\":\"en-US\",\"potentialAction\":[{\"@type\":\"ReadAction\",\"target\":[\"https:\/\/idactives.es\/cookies\/\"]}]},{\"@type\":\"BreadcrumbList\",\"@id\":\"https:\/\/idactives.es\/cookies\/#breadcrumb\",\"itemListElement\":[{\"@type\":\"ListItem\",\"position\":1,\"name\":\"Portada\",\"item\":\"https:\/\/idactives.es\/\"},{\"@type\":\"ListItem\",\"position\":2,\"name\":\"Cookies\"}]},{\"@type\":\"WebSite\",\"@id\":\"https:\/\/idactives.es\/#website\",\"url\":\"https:\/\/idactives.es\/\",\"name\":\"JManuelCarbajo\",\"description\":\"\",\"potentialAction\":[{\"@type\":\"SearchAction\",\"target\":{\"@type\":\"EntryPoint\",\"urlTemplate\":\"https:\/\/idactives.es\/?s={search_term_string}\"},\"query-input\":{\"@type\":\"PropertyValueSpecification\",\"valueRequired\":true,\"valueName\":\"search_term_string\"}}],\"inLanguage\":\"en-US\"}]}<\/script>\n<!-- \/ Yoast SEO plugin. -->","yoast_head_json":{"title":"Cookies - JManuelCarbajo","robots":{"index":"index","follow":"follow","max-snippet":"max-snippet:-1","max-image-preview":"max-image-preview:large","max-video-preview":"max-video-preview:-1"},"canonical":"https:\/\/idactives.es\/en_en\/cookies\/","og_locale":"en_US","og_type":"article","og_title":"Cookies - JManuelCarbajo","og_description":"Cookies Si dejas un comentario en nuestro sitio puedes elegir guardar tu nombre, direcci\u00f3n de correo electr\u00f3nico y web en cookies. Esto es para tu comodidad, para que no tengas que volver a rellenar tus datos cuando dejes otro comentario. Estas cookies tendr\u00e1n una duraci\u00f3n de un a\u00f1o. Si tienes una cuenta y te conectas...","og_url":"https:\/\/idactives.es\/en_en\/cookies\/","og_site_name":"JManuelCarbajo","article_modified_time":"2025-11-18T07:15:44+00:00","twitter_card":"summary_large_image","twitter_misc":{"Est. reading time":"1 minute"},"schema":{"@context":"https:\/\/schema.org","@graph":[{"@type":"WebPage","@id":"https:\/\/idactives.es\/cookies\/","url":"https:\/\/idactives.es\/cookies\/","name":"Cookies - JManuelCarbajo","isPartOf":{"@id":"https:\/\/idactives.es\/#website"},"datePublished":"2025-10-21T05:43:38+00:00","dateModified":"2025-11-18T07:15:44+00:00","breadcrumb":{"@id":"https:\/\/idactives.es\/cookies\/#breadcrumb"},"inLanguage":"en-US","potentialAction":[{"@type":"ReadAction","target":["https:\/\/idactives.es\/cookies\/"]}]},{"@type":"BreadcrumbList","@id":"https:\/\/idactives.es\/cookies\/#breadcrumb","itemListElement":[{"@type":"ListItem","position":1,"name":"Portada","item":"https:\/\/idactives.es\/"},{"@type":"ListItem","position":2,"name":"Cookies"}]},{"@type":"WebSite","@id":"https:\/\/idactives.es\/#website","url":"https:\/\/idactives.es\/","name":"JManuelCarbajo","description":"","potentialAction":[{"@type":"SearchAction","target":{"@type":"EntryPoint","urlTemplate":"https:\/\/idactives.es\/?s={search_term_string}"},"query-input":{"@type":"PropertyValueSpecification","valueRequired":true,"valueName":"search_term_string"}}],"inLanguage":"en-US"}]}},"_links":{"self":[{"href":"https:\/\/idactives.es\/en_en\/wp-json\/wp\/v2\/pages\/36384","targetHints":{"allow":["GET"]}}],"collection":[{"href":"https:\/\/idactives.es\/en_en\/wp-json\/wp\/v2\/pages"}],"about":[{"href":"https:\/\/idactives.es\/en_en\/wp-json\/wp\/v2\/types\/page"}],"author":[{"embeddable":true,"href":"https:\/\/idactives.es\/en_en\/wp-json\/wp\/v2\/users\/1"}],"replies":[{"embeddable":true,"href":"https:\/\/idactives.es\/en_en\/wp-json\/wp\/v2\/comments?post=36384"}],"version-history":[{"count":20,"href":"https:\/\/idactives.es\/en_en\/wp-json\/wp\/v2\/pages\/36384\/revisions"}],"predecessor-version":[{"id":36994,"href":"https:\/\/idactives.es\/en_en\/wp-json\/wp\/v2\/pages\/36384\/revisions\/36994"}],"wp:attachment":[{"href":"https:\/\/idactives.es\/en_en\/wp-json\/wp\/v2\/media?parent=36384"}],"curies":[{"name":"wp","href":"https:\/\/api.w.org\/{rel}","templated":true}]}}