{"id":29268,"date":"2024-02-12T15:47:57","date_gmt":"2024-02-12T15:47:57","guid":{"rendered":"https:\/\/theme-dev.cmsmasters.net\/dental-clone\/?page_id=29268"},"modified":"2026-01-29T09:12:29","modified_gmt":"2026-01-29T08:12:29","slug":"contacto","status":"publish","type":"page","link":"https:\/\/idactives.es\/en_en\/contacto\/","title":{"rendered":"Contact"},"content":{"rendered":"<div data-elementor-type=\"wp-page\" data-elementor-id=\"29268\" class=\"elementor elementor-29268\">\n\t\t\t\t<div class=\"elementor-element elementor-element-4d2e8b1 e-con-full e-flex cmsmasters-block-default e-con e-parent\" data-id=\"4d2e8b1\" data-element_type=\"container\">\n\t\t<div class=\"elementor-element elementor-element-38aa80b e-con-full e-flex cmsmasters-bg-hide-none cmsmasters-bg-hide-none cmsmasters-block-default e-con e-child\" data-id=\"38aa80b\" data-element_type=\"container\" data-settings=\"{&quot;background_background&quot;:&quot;classic&quot;}\">\n\t\t\t\t<div class=\"elementor-element elementor-element-eff857f cmsmasters-block-default cmsmasters-sticky-default elementor-widget elementor-widget-spacer\" data-id=\"eff857f\" data-element_type=\"widget\" data-widget_type=\"spacer.default\">\n\t\t\t\t\t\t\t<div class=\"elementor-spacer\">\n\t\t\t<div class=\"elementor-spacer-inner\"><\/div>\n\t\t<\/div>\n\t\t\t\t\t\t<\/div>\n\t\t\t\t<\/div>\n\t\t<div class=\"elementor-element elementor-element-4ce88f0 e-con-full e-flex cmsmasters-bg-hide-none cmsmasters-bg-hide-none cmsmasters-block-default e-con e-child\" data-id=\"4ce88f0\" data-element_type=\"container\" data-settings=\"{&quot;background_background&quot;:&quot;classic&quot;}\">\n\t\t\t\t<div class=\"elementor-element elementor-element-39a375b cmsmasters-block-default cmsmasters-sticky-default elementor-widget elementor-widget-heading\" data-id=\"39a375b\" data-element_type=\"widget\" data-widget_type=\"heading.default\">\n\t\t\t\t\t<h6 class=\"elementor-heading-title elementor-size-default\">Contact us at<\/h6>\t\t\t\t<\/div>\n\t\t\t\t<div class=\"elementor-element elementor-element-4d7faf7 cmsmasters-block-default cmsmasters-sticky-default elementor-widget elementor-widget-heading\" data-id=\"4d7faf7\" data-element_type=\"widget\" data-widget_type=\"heading.default\">\n\t\t\t\t\t<h1 class=\"elementor-heading-title elementor-size-default\">Need a cosmetics expert?<\/h1>\t\t\t\t<\/div>\n\t\t<div class=\"elementor-element elementor-element-e428cd9 e-flex e-con-boxed cmsmasters-block-default e-con e-child\" data-id=\"e428cd9\" data-element_type=\"container\">\n\t\t\t\t\t<div class=\"e-con-inner\">\n\t\t\t\t<div class=\"elementor-element elementor-element-d04fc07 elementor-mobile-align-center cmsmasters-block-default cmsmasters-sticky-default elementor-widget elementor-widget-button\" data-id=\"d04fc07\" data-element_type=\"widget\" data-widget_type=\"button.default\">\n\t\t\t\t\t\t\t\t\t\t<a class=\"elementor-button elementor-button-link elementor-size-sm\" href=\"#bookonline\">\n\t\t\t\t\t\t<span class=\"elementor-button-content-wrapper\">\n\t\t\t\t\t\t\t\t\t<span class=\"elementor-button-text\">Book online<\/span>\n\t\t\t\t\t<\/span>\n\t\t\t\t\t<\/a>\n\t\t\t\t\t\t\t\t<\/div>\n\t\t\t\t<div class=\"elementor-element elementor-element-77c43c4 elementor-widget__width-initial elementor-widget-tablet__width-initial elementor-widget-mobile__width-auto elementor-hidden-mobile cmsmasters-block-default cmsmasters-sticky-default elementor-widget elementor-widget-text-editor\" data-id=\"77c43c4\" data-element_type=\"widget\" data-widget_type=\"text-editor.default\">\n\t\t\t\t\t\t\t\t\t\u2502\t\t\t\t\t\t\t\t<\/div>\n\t\t\t\t<div data-separate-animation-selector=\".cmsmasters-widget-icon-list-item\" data-text-animation-class=\"sequental, random, line, word, char\" class=\"elementor-element elementor-element-151ab8b cmsmasters-widget-align-left cmsmasters-widget-marker-view-stacked cmsmasters-widget-mobile-align-left cmsmasters-widget-layout-row cmsmasters-widget-direction-default cmsmasters-widget-marker-element-icon cmsmasters-widget-marker-shape-circle cmsmasters-block-default cmsmasters-sticky-default elementor-widget elementor-widget-cmsmasters-icon-list cmsmasters-widget-icon-list\" data-id=\"151ab8b\" data-element_type=\"widget\" data-widget_type=\"cmsmasters-icon-list.default\">\n\t\t\t\t\t\t\t<ul class=\"cmsmasters-widget-icon-list-items\">\r\n\t\t\t\t\t\t\t<li class=\"cmsmasters-widget-icon-list-item active-icon-item active-link-item\">\r\n\t\t\t\t<a href=\"tel:%20956%2000%2042%2043\">\t\t\t\t<span class=\"cmsmasters-widget-icon-list-item-text-wrap\">\r\n\t\t\t\t\t\t\t\t\t\t\t<span class=\"cmsmasters-widget-icon-list-item-icon\">\r\n\t\t\t\t\t\t\t<span>\r\n\t\t\t\t\t\t\t\t\t\t\t\t\t\t\t\t\t<svg aria-hidden=\"true\" class=\"e-font-icon-svg e-fas-phone-alt\" viewbox=\"0 0 512 512\" xmlns=\"http:\/\/www.w3.org\/2000\/svg\"><path d=\"M497.39 361.8l-112-48a24 24 0 0 0-28 6.9l-49.6 60.6A370.66 370.66 0 0 1 130.6 204.11l60.6-49.6a23.94 23.94 0 0 0 6.9-28l-48-112A24.16 24.16 0 0 0 122.6.61l-104 24A24 24 0 0 0 0 48c0 256.5 207.9 464 464 464a24 24 0 0 0 23.4-18.6l24-104a24.29 24.29 0 0 0-14.01-27.6z\"><\/path><\/svg>\t\t\t\t\t\t\t\t\t\t\t\t\t\t\t<\/span>\r\n\t\t\t\t\t\t<\/span>\r\n\t\t\t\t\t\t\t\t\t\t<span class=\"cmsmasters-widget-icon-list-item-text-inner elementor-repeater-item-89e0455\">\r\n\t\t\t\t\t\t<span class=\"cmsmasters-widget-icon-list-item-text\">\r\n\t\t\t\t\t\t\t956 00 42 43\t\t\t\t\t\t<\/span>\r\n\t\t\t\t\t\t\t\t\t\t\t<\/span>\r\n\t\t\t\t<\/span>\r\n\t\t\t\t<\/a>\t\t\t\t<\/li>\r\n\t\t\t\t\t<\/ul>\r\n\t\t\t\t\t\t<\/div>\n\t\t\t\t\t<\/div>\n\t\t\t\t<\/div>\n\t\t\t\t<\/div>\n\t\t\t\t<\/div>\n\t\t<div class=\"elementor-element elementor-element-df3cedb e-flex e-con-boxed cmsmasters-block-default e-con e-parent\" data-id=\"df3cedb\" data-element_type=\"container\" id=\"mapa\">\n\t\t\t\t\t<div class=\"e-con-inner\">\n\t\t<div class=\"elementor-element elementor-element-d254cba e-con-full e-flex cmsmasters-block-default e-con e-child\" data-id=\"d254cba\" data-element_type=\"container\">\n\t\t\t\t<div class=\"elementor-element elementor-element-3699747 elementor-widget__width-initial cmsmasters-block-default cmsmasters-sticky-default elementor-widget elementor-widget-heading\" data-id=\"3699747\" data-element_type=\"widget\" data-widget_type=\"heading.default\">\n\t\t\t\t\t<h2 class=\"elementor-heading-title elementor-size-default\">Contact information<\/h2>\t\t\t\t<\/div>\n\t\t\t\t<div class=\"elementor-element elementor-element-85b920c cmsmasters-block-default cmsmasters-sticky-default elementor-widget elementor-widget-heading\" data-id=\"85b920c\" data-element_type=\"widget\" data-widget_type=\"heading.default\">\n\t\t\t\t\t<p class=\"elementor-heading-title elementor-size-default\">Thank you for visiting our website. We are here to help you with any questions you may have.<\/p>\t\t\t\t<\/div>\n\t\t\t\t<div class=\"elementor-element elementor-element-18274a1 cmsmasters-block-default cmsmasters-sticky-default elementor-widget elementor-widget-google_maps\" data-id=\"18274a1\" data-element_type=\"widget\" data-widget_type=\"google_maps.default\">\n\t\t\t\t\t\t\t<div class=\"elementor-custom-embed\">\n\t\t\t<iframe loading=\"lazy\"\n\t\t\t\t\tsrc=\"https:\/\/maps.google.com\/maps?q=Calle%20Visitacion%208A%2C%20CP%2011403.%2011403%2C%20Jerez%20De%20La%20Frontera%20%28Cadiz%29.%20Espa%C3%B1a&#038;t=m&#038;z=18&#038;output=embed&#038;iwloc=near\"\n\t\t\t\t\ttitle=\"Street Visitacion 8A, CP 11403. 11403, Jerez De La Frontera (Cadiz). Spain\"\n\t\t\t\t\taria-label=\"Street Visitacion 8A, CP 11403. 11403, Jerez De La Frontera (Cadiz). Spain\"\n\t\t\t><\/iframe>\n\t\t<\/div>\n\t\t\t\t\t\t<\/div>\n\t\t<div class=\"elementor-element elementor-element-c307887 e-con-full e-flex cmsmasters-block-default e-con e-child\" data-id=\"c307887\" data-element_type=\"container\">\n\t\t\t\t<div class=\"elementor-element elementor-element-67a839b cmsmasters-block-default cmsmasters-sticky-default elementor-widget elementor-widget-heading\" data-id=\"67a839b\" data-element_type=\"widget\" data-widget_type=\"heading.default\">\n\t\t\t\t\t<div class=\"elementor-heading-title elementor-size-default\">Address:<\/div>\t\t\t\t<\/div>\n\t\t\t\t<div class=\"elementor-element elementor-element-ba04bc3 cmsmasters-block-default cmsmasters-sticky-default elementor-widget elementor-widget-text-editor\" data-id=\"ba04bc3\" data-element_type=\"widget\" data-widget_type=\"text-editor.default\">\n\t\t\t\t\t\t\t\t\t<p>Street Visitacion 8A, CP 11403. 11403, Jerez De La Frontera (Cadiz). Spain<\/p>\t\t\t\t\t\t\t\t<\/div>\n\t\t\t\t<\/div>\n\t\t\t\t<\/div>\n\t\t\t\t\t<\/div>\n\t\t\t\t<\/div>\n\t\t<div class=\"elementor-element elementor-element-0b3efb4 e-flex e-con-boxed cmsmasters-block-default e-con e-parent\" data-id=\"0b3efb4\" data-element_type=\"container\" id=\"bookonline\">\n\t\t\t\t\t<div class=\"e-con-inner\">\n\t\t<div class=\"elementor-element elementor-element-19681d7 e-con-full e-flex cmsmasters-block-default e-con e-child\" data-id=\"19681d7\" data-element_type=\"container\">\n\t\t\t\t<div class=\"elementor-element elementor-element-380a5c5 cmsmasters-block-default cmsmasters-sticky-default elementor-widget elementor-widget-image\" data-id=\"380a5c5\" data-element_type=\"widget\" data-widget_type=\"image.default\">\n\t\t\t\t\t\t\t\t\t\t\t\t\t\t\t<img fetchpriority=\"high\" decoding=\"async\" width=\"408\" height=\"728\" src=\"https:\/\/idactives.es\/wp-content\/uploads\/2025\/12\/vertical4.jpg\" class=\"attachment-2048x2048 size-2048x2048 wp-image-37169\" alt=\"\" srcset=\"https:\/\/idactives.es\/wp-content\/uploads\/2025\/12\/vertical4.jpg 408w, https:\/\/idactives.es\/wp-content\/uploads\/2025\/12\/vertical4-168x300.jpg 168w, https:\/\/idactives.es\/wp-content\/uploads\/2025\/12\/vertical4-7x12.jpg 7w\" sizes=\"(max-width: 408px) 100vw, 408px\" \/>\t\t\t\t\t\t\t\t\t\t\t\t\t\t\t<\/div>\n\t\t\t\t<\/div>\n\t\t<div class=\"elementor-element elementor-element-68cdb49 e-con-full e-flex cmsmasters-block-default e-con e-child\" data-id=\"68cdb49\" data-element_type=\"container\">\n\t\t\t\t<div class=\"elementor-element elementor-element-a3928fe cmsmasters-block-default cmsmasters-sticky-default elementor-widget elementor-widget-heading\" data-id=\"a3928fe\" data-element_type=\"widget\" data-widget_type=\"heading.default\">\n\t\t\t\t\t<h2 class=\"elementor-heading-title elementor-size-default\">Ask a question<\/h2>\t\t\t\t<\/div>\n\t\t\t\t<div class=\"elementor-element elementor-element-3363d9f cmsmasters-block-default cmsmasters-sticky-default elementor-widget elementor-widget-text-editor\" data-id=\"3363d9f\" data-element_type=\"widget\" data-widget_type=\"text-editor.default\">\n\t\t\t\t\t\t\t\t\t<p>If you have any questions, please feel free to contact us. Please complete the form below.<\/p>\t\t\t\t\t\t\t\t<\/div>\n\t\t\t\t<div class=\"elementor-element elementor-element-431235a elementor-widget-cmsmasters-contact-form__fields-align-left cmsmasters-block-default cmsmasters-sticky-default elementor-widget elementor-widget-cmsmasters-forminator\" data-id=\"431235a\" data-element_type=\"widget\" data-settings=\"{&quot;form_list&quot;:&quot;59&quot;}\" data-widget_type=\"cmsmasters-forminator.default\">\n\t\t\t\t\t<div class=\"elementor-widget-cmsmasters-contact-form__wrapper elementor-widget-cmsmasters-contact-form cmsmasters-default-color cmsmasters-default-font\" id=\"cmsmasters-widget-form-431235a\">\r\n\t\t\t<div class=\"elementor-widget-cmsmasters-contact-form__inner\"><div class=\"forminator-ui forminator-custom-form forminator-custom-form-59 forminator-design--default forminator-custom forminator_ajax\" data-forminator-render=\"0\" data-form=\"forminator-module-59\" data-uid=\"69ef5d3da7427\"><br\/><\/div><form\n\t\t\t\tid=\"forminator-module-59\"\n\t\t\t\tclass=\"forminator-ui forminator-custom-form forminator-custom-form-59 forminator-design--default forminator-custom forminator_ajax\"\n\t\t\t\tmethod=\"post\"\n\t\t\t\tdata-forminator-render=\"0\"\n\t\t\t\tdata-form-id=\"59\"\n\t\t\t\t data-color-option=\"default\" data-design=\"default\" data-grid=\"custom\" style=\"display: none;\"\n\t\t\t\tdata-uid=\"69ef5d3da7427\" action=\"\"\n\t\t\t><div role=\"alert\" aria-live=\"polite\" class=\"forminator-response-message forminator-error\" aria-hidden=\"true\"><\/div><div class=\"forminator-row\"><div id=\"name-1\" class=\"forminator-field-name forminator-col forminator-col-6\"><div class=\"forminator-field\"><label for=\"forminator-field-name-1_69ef5d3da7427\" id=\"forminator-field-name-1_69ef5d3da7427-label\" class=\"forminator-label\">Name<\/label><input type=\"text\" name=\"name-1\" value=\"\" placeholder=\"\" id=\"forminator-field-name-1_69ef5d3da7427\" class=\"forminator-input forminator-name--field\" aria-required=\"false\" autocomplete=\"name\" \/><\/div><\/div><div id=\"email-1\" class=\"forminator-field-email forminator-col forminator-col-6\"><div class=\"forminator-field\"><label for=\"forminator-field-email-1_69ef5d3da7427\" id=\"forminator-field-email-1_69ef5d3da7427-label\" class=\"forminator-label\">E-mail address<\/label><input type=\"email\" name=\"email-1\" value=\"\" placeholder=\"\" id=\"forminator-field-email-1_69ef5d3da7427\" class=\"forminator-input forminator-email--field\" data-required=\"\" aria-required=\"false\" autocomplete=\"email\" \/><\/div><\/div><\/div><div class=\"forminator-row\"><div id=\"textarea-1\" class=\"forminator-field-textarea forminator-col forminator-col-12\"><div class=\"forminator-field\"><label for=\"forminator-field-textarea-1_69ef5d3da7427\" id=\"forminator-field-textarea-1_69ef5d3da7427-label\" class=\"forminator-label\">Message<\/label><textarea name=\"textarea-1\" placeholder=\"\" id=\"forminator-field-textarea-1_69ef5d3da7427\" class=\"forminator-textarea\" rows=\"6\" style=\"min-height:140px;\" ><\/textarea><\/div><\/div><\/div><input type=\"hidden\" name=\"referer_url\" value=\"\" \/><div class=\"forminator-row forminator-row-last\"><div class=\"forminator-col\"><div class=\"forminator-field\"><button class=\"forminator-button forminator-button-submit\">Send message<\/button><\/div><\/div><\/div><input type=\"hidden\" id=\"forminator_nonce\" name=\"forminator_nonce\" value=\"f92c1254e5\" \/><input type=\"hidden\" name=\"_wp_http_referer\" value=\"\/en_en\/wp-json\/wp\/v2\/pages\/29268\" \/><input type=\"hidden\" name=\"form_id\" value=\"59\"><input type=\"hidden\" name=\"page_id\" value=\"29268\"><input type=\"hidden\" name=\"form_type\" value=\"default\"><input type=\"hidden\" name=\"current_url\" value=\"https:\/\/idactives.es\/en_en\/contacto\/\"><input type=\"hidden\" name=\"render_id\" value=\"0\"><input type=\"hidden\" name=\"action\" value=\"forminator_submit_form_custom-forms\"><input type=\"hidden\" name=\"trp-form-language\" value=\"en_en\"\/><\/form><\/div>\r\n\t\t<\/div>\t\t\t\t<\/div>\n\t\t\t\t<\/div>\n\t\t\t\t\t<\/div>\n\t\t\t\t<\/div>\n\t\t\t\t<\/div>","protected":false},"excerpt":{"rendered":"<p>Cont\u00e1ctanos \u00bfNecesitas un experto en cosm\u00e9tica? Reserve en l\u00ednea \u2502 956 00 42 43 Informaci\u00f3n de contacto Gracias por visitar nuestro sitio web. Estamos aqu\u00ed para ayudarle con cualquier consulta que pueda tener. Direcci\u00f3n: Calle Visitacion 8A, CP 11403. 11403, Jerez De La Frontera (Cadiz). Espa\u00f1a Haz una pregunta Si tiene alguna pregunta, puede ponerse&#8230;<\/p>","protected":false},"author":1,"featured_media":36636,"parent":0,"menu_order":0,"comment_status":"closed","ping_status":"closed","template":"","meta":{"footnotes":""},"class_list":["post-29268","page","type-page","status-publish","has-post-thumbnail","hentry"],"yoast_head":"<!-- This site is optimized with the Yoast SEO plugin v26.8 - https:\/\/yoast.com\/product\/yoast-seo-wordpress\/ -->\n<title>Contacto - JManuelCarbajo<\/title>\n<meta name=\"description\" content=\"Cont\u00e1ctanos hoy mismo para cualquier consulta, soporte o informaci\u00f3n sobre nuestros servicios. \u00a1Estamos para ayudarte!\" \/>\n<meta name=\"robots\" content=\"index, follow, max-snippet:-1, max-image-preview:large, max-video-preview:-1\" \/>\n<link rel=\"canonical\" href=\"https:\/\/idactives.es\/en_en\/contacto\/\" \/>\n<meta property=\"og:locale\" content=\"en_US\" \/>\n<meta property=\"og:type\" content=\"article\" \/>\n<meta property=\"og:title\" content=\"Contacto - JManuelCarbajo\" \/>\n<meta property=\"og:description\" content=\"Cont\u00e1ctanos hoy mismo para cualquier consulta, soporte o informaci\u00f3n sobre nuestros servicios. \u00a1Estamos para ayudarte!\" \/>\n<meta property=\"og:url\" content=\"https:\/\/idactives.es\/en_en\/contacto\/\" \/>\n<meta property=\"og:site_name\" content=\"JManuelCarbajo\" \/>\n<meta property=\"article:modified_time\" content=\"2026-01-29T08:12:29+00:00\" \/>\n<meta property=\"og:image\" content=\"https:\/\/idactives.es\/wp-content\/uploads\/2025\/11\/consulta-foto.jpg\" \/>\n\t<meta property=\"og:image:width\" content=\"1412\" \/>\n\t<meta property=\"og:image:height\" content=\"941\" \/>\n\t<meta property=\"og:image:type\" content=\"image\/jpeg\" \/>\n<meta name=\"twitter:card\" content=\"summary_large_image\" \/>\n<meta name=\"twitter:label1\" content=\"Est. reading time\" \/>\n\t<meta name=\"twitter:data1\" content=\"1 minute\" \/>\n<script type=\"application\/ld+json\" class=\"yoast-schema-graph\">{\"@context\":\"https:\/\/schema.org\",\"@graph\":[{\"@type\":\"WebPage\",\"@id\":\"https:\/\/idactives.es\/contacto\/\",\"url\":\"https:\/\/idactives.es\/contacto\/\",\"name\":\"Contacto - JManuelCarbajo\",\"isPartOf\":{\"@id\":\"https:\/\/idactives.es\/#website\"},\"primaryImageOfPage\":{\"@id\":\"https:\/\/idactives.es\/contacto\/#primaryimage\"},\"image\":{\"@id\":\"https:\/\/idactives.es\/contacto\/#primaryimage\"},\"thumbnailUrl\":\"https:\/\/idactives.es\/wp-content\/uploads\/2025\/11\/consulta-foto.jpg\",\"datePublished\":\"2024-02-12T15:47:57+00:00\",\"dateModified\":\"2026-01-29T08:12:29+00:00\",\"description\":\"Cont\u00e1ctanos hoy mismo para cualquier consulta, soporte o informaci\u00f3n sobre nuestros servicios. \u00a1Estamos para ayudarte!\",\"breadcrumb\":{\"@id\":\"https:\/\/idactives.es\/contacto\/#breadcrumb\"},\"inLanguage\":\"en-US\",\"potentialAction\":[{\"@type\":\"ReadAction\",\"target\":[\"https:\/\/idactives.es\/contacto\/\"]}]},{\"@type\":\"ImageObject\",\"inLanguage\":\"en-US\",\"@id\":\"https:\/\/idactives.es\/contacto\/#primaryimage\",\"url\":\"https:\/\/idactives.es\/wp-content\/uploads\/2025\/11\/consulta-foto.jpg\",\"contentUrl\":\"https:\/\/idactives.es\/wp-content\/uploads\/2025\/11\/consulta-foto.jpg\",\"width\":1412,\"height\":941},{\"@type\":\"BreadcrumbList\",\"@id\":\"https:\/\/idactives.es\/contacto\/#breadcrumb\",\"itemListElement\":[{\"@type\":\"ListItem\",\"position\":1,\"name\":\"Portada\",\"item\":\"https:\/\/idactives.es\/\"},{\"@type\":\"ListItem\",\"position\":2,\"name\":\"Contacto\"}]},{\"@type\":\"WebSite\",\"@id\":\"https:\/\/idactives.es\/#website\",\"url\":\"https:\/\/idactives.es\/\",\"name\":\"JManuelCarbajo\",\"description\":\"\",\"potentialAction\":[{\"@type\":\"SearchAction\",\"target\":{\"@type\":\"EntryPoint\",\"urlTemplate\":\"https:\/\/idactives.es\/?s={search_term_string}\"},\"query-input\":{\"@type\":\"PropertyValueSpecification\",\"valueRequired\":true,\"valueName\":\"search_term_string\"}}],\"inLanguage\":\"en-US\"}]}<\/script>\n<!-- \/ Yoast SEO plugin. -->","yoast_head_json":{"title":"Contacto - JManuelCarbajo","description":"Cont\u00e1ctanos hoy mismo para cualquier consulta, soporte o informaci\u00f3n sobre nuestros servicios. \u00a1Estamos para ayudarte!","robots":{"index":"index","follow":"follow","max-snippet":"max-snippet:-1","max-image-preview":"max-image-preview:large","max-video-preview":"max-video-preview:-1"},"canonical":"https:\/\/idactives.es\/en_en\/contacto\/","og_locale":"en_US","og_type":"article","og_title":"Contacto - JManuelCarbajo","og_description":"Cont\u00e1ctanos hoy mismo para cualquier consulta, soporte o informaci\u00f3n sobre nuestros servicios. \u00a1Estamos para ayudarte!","og_url":"https:\/\/idactives.es\/en_en\/contacto\/","og_site_name":"JManuelCarbajo","article_modified_time":"2026-01-29T08:12:29+00:00","og_image":[{"width":1412,"height":941,"url":"https:\/\/idactives.es\/wp-content\/uploads\/2025\/11\/consulta-foto.jpg","type":"image\/jpeg"}],"twitter_card":"summary_large_image","twitter_misc":{"Est. reading time":"1 minute"},"schema":{"@context":"https:\/\/schema.org","@graph":[{"@type":"WebPage","@id":"https:\/\/idactives.es\/contacto\/","url":"https:\/\/idactives.es\/contacto\/","name":"Contacto - JManuelCarbajo","isPartOf":{"@id":"https:\/\/idactives.es\/#website"},"primaryImageOfPage":{"@id":"https:\/\/idactives.es\/contacto\/#primaryimage"},"image":{"@id":"https:\/\/idactives.es\/contacto\/#primaryimage"},"thumbnailUrl":"https:\/\/idactives.es\/wp-content\/uploads\/2025\/11\/consulta-foto.jpg","datePublished":"2024-02-12T15:47:57+00:00","dateModified":"2026-01-29T08:12:29+00:00","description":"Cont\u00e1ctanos hoy mismo para cualquier consulta, soporte o informaci\u00f3n sobre nuestros servicios. \u00a1Estamos para ayudarte!","breadcrumb":{"@id":"https:\/\/idactives.es\/contacto\/#breadcrumb"},"inLanguage":"en-US","potentialAction":[{"@type":"ReadAction","target":["https:\/\/idactives.es\/contacto\/"]}]},{"@type":"ImageObject","inLanguage":"en-US","@id":"https:\/\/idactives.es\/contacto\/#primaryimage","url":"https:\/\/idactives.es\/wp-content\/uploads\/2025\/11\/consulta-foto.jpg","contentUrl":"https:\/\/idactives.es\/wp-content\/uploads\/2025\/11\/consulta-foto.jpg","width":1412,"height":941},{"@type":"BreadcrumbList","@id":"https:\/\/idactives.es\/contacto\/#breadcrumb","itemListElement":[{"@type":"ListItem","position":1,"name":"Portada","item":"https:\/\/idactives.es\/"},{"@type":"ListItem","position":2,"name":"Contacto"}]},{"@type":"WebSite","@id":"https:\/\/idactives.es\/#website","url":"https:\/\/idactives.es\/","name":"JManuelCarbajo","description":"","potentialAction":[{"@type":"SearchAction","target":{"@type":"EntryPoint","urlTemplate":"https:\/\/idactives.es\/?s={search_term_string}"},"query-input":{"@type":"PropertyValueSpecification","valueRequired":true,"valueName":"search_term_string"}}],"inLanguage":"en-US"}]}},"_links":{"self":[{"href":"https:\/\/idactives.es\/en_en\/wp-json\/wp\/v2\/pages\/29268","targetHints":{"allow":["GET"]}}],"collection":[{"href":"https:\/\/idactives.es\/en_en\/wp-json\/wp\/v2\/pages"}],"about":[{"href":"https:\/\/idactives.es\/en_en\/wp-json\/wp\/v2\/types\/page"}],"author":[{"embeddable":true,"href":"https:\/\/idactives.es\/en_en\/wp-json\/wp\/v2\/users\/1"}],"replies":[{"embeddable":true,"href":"https:\/\/idactives.es\/en_en\/wp-json\/wp\/v2\/comments?post=29268"}],"version-history":[{"count":125,"href":"https:\/\/idactives.es\/en_en\/wp-json\/wp\/v2\/pages\/29268\/revisions"}],"predecessor-version":[{"id":37217,"href":"https:\/\/idactives.es\/en_en\/wp-json\/wp\/v2\/pages\/29268\/revisions\/37217"}],"wp:featuredmedia":[{"embeddable":true,"href":"https:\/\/idactives.es\/en_en\/wp-json\/wp\/v2\/media\/36636"}],"wp:attachment":[{"href":"https:\/\/idactives.es\/en_en\/wp-json\/wp\/v2\/media?parent=29268"}],"curies":[{"name":"wp","href":"https:\/\/api.w.org\/{rel}","templated":true}]}}